{"id":1484,"date":"2020-05-06T08:59:29","date_gmt":"2020-05-06T08:59:29","guid":{"rendered":"http:\/\/adam-und-schaefer.de\/?page_id=1484"},"modified":"2020-06-05T15:51:22","modified_gmt":"2020-06-05T15:51:22","slug":"kontakt","status":"publish","type":"page","link":"http:\/\/adam-und-schaefer.de\/?page_id=1484","title":{"rendered":"Kontakt"},"content":{"rendered":"\n<h1 class=\"has-text-align-center\">Kontakt<\/h1>\n\n\n\n<p class=\"has-text-align-center\"><\/p>\n\n\n\n<p class=\"has-text-align-center\">&nbsp;Adam+Sch\u00e4fer<br>Gesellschaft f\u00fcr Verfahrenstechnik und Umweltschutz mbH<\/p>\n\n\n\n<p class=\"has-text-align-center\">\u00a014089 Berlin-Spandau<br>Stra\u00dfe 264 Nr. 2 <br>Telefon: \u00a0030 \/ 46 44 883<br>E-Mail: Info@Adam-und-Schaefer.de<\/p>\n\n\n\n<hr class=\"wp-block-separator is-style-dots\"\/>\n\n\n\n<div class=\"leadform-show-form-1 leadform-show-form  lf-form-default leadform-lite\"><div class=\"lead-head\"><\/div>\r\n               <form action=\"\" method=\"post\" class=\"lead-form-front\" id=\"form_1\" enctype=\"multipart\/form-data\">\r\n                <h2>Kontaktaufnahme<\/h2><div class=\"name-type lf-field\"><label>Firma<\/label>\r\n        <span><input id=\"name_5\" type=\"text\" name=\"name_5\" class=\"lf-form-name\" value=\"\" required placeholder=\"Firma\" \/>\r\n        <\/span><\/div><div class=\"name-type lf-field\"><label>Name<\/label>\r\n        <span><input id=\"name_1\" type=\"text\" name=\"name_1\" class=\"lf-form-name\" value=\"\" required placeholder=\"Name\" \/>\r\n        <\/span><\/div><div class=\"text-type lf-field\"><label>Email<\/label>\r\n        <span><input id=\"email_2\" type=\"email\" class=\"lf-form-text \" name=\"email_2\" required value=\"\" placeholder=\"Email\" \/>\r\n        <\/span><\/div><div class=\"text-type lf-field\"><label>Telefonnummer<\/label>\r\n        <span><input id=\"number_3\" type=\"number\" class=\"lf-form-text \" name=\"number_3\"  value=\"\" placeholder=\"+49\" \/>\r\n        <\/span><\/div><div class=\"textarea-type lf-field\"><label>Nachricht<\/label>\r\n            <span><textarea id=\"message_4\" name=\"message_4\" class=\"lf-form-textarea\" value=\"Nachricht\" placeholder=\"Nachricht\" required><\/textarea>\r\n            <\/span><\/div><div class=\"html-fieldtype lf-field lfb-terms\">\r\n        <span><input class=\"term_accept\" id=\"terms_6\" type=\"checkbox\" name=\"terms_6\" value=\"Accepted\" \/>  Ich bin damit einverstanden, dass meine pers\u00f6nlichen Daten ausschlie\u00dflich zum Zweck der Kundenbetreuung und Kontaktaufnahme durch Adam + Sch\u00e4fer Gesellschaft f\u00fcr Verfahrenstechnik und Umweltschutz mbH verwendet werden. Eine Weitergabe Ihrer Daten an Dritte erfolgt nicht. Ein schriftlicher Widerruf ist jederzeit m\u00f6glich.<\/span>\r\n            <\/div><div class=\"lf-form-panel\"><div class=\"submit-type lf-field\"><label><input id=\"0\" class=\"lf-form-submit\" type=\"submit\" name=\"submit\" value=\"Senden\"\/>\r\n                <\/label><\/div><\/div>\r\n                <div class=\"captcha-field-area\" id=\"captcha-field-area\"><\/div>\r\n                <input type=\"hidden\" class=\"hidden_field\" name=\"hidden_field\" value=\"1\"\/>\r\n                <input type=\"hidden\" class=\"this_form_captcha_status\" value=\"disable\"\/>\r\n                <div class=\"leadform-show-loading front-loading leadform-show-message-form-1\" >\r\n                <\/div>\r\n                <div class=\"lf-loading\">\r\n                    <div class=\"spinner\" id=\"loading_image\" style=\"display: none;\">\r\n                        <div class=\"bounce1\"><\/div>\r\n                        <div class=\"bounce2\"><\/div>\r\n                        <div class=\"bounce3\"><\/div>\r\n                    <\/div>\r\n                <\/div>\r\n                <\/form><p style=\"display:none\" redirect=\"\" class=\"successmsg_1 successmsg\">Thank You ...<\/p><\/div>\n\n\n\n<p><\/p>\n","protected":false},"excerpt":{"rendered":"<p>Kontakt &nbsp;Adam+Sch\u00e4ferGesellschaft f\u00fcr Verfahrenstechnik und Umweltschutz mbH \u00a014089 Berlin-SpandauStra\u00dfe 264 Nr. 2 Telefon: \u00a0030 \/ 46 44 883E-Mail: Info@Adam-und-Schaefer.de<\/p>\n","protected":false},"author":1,"featured_media":0,"parent":0,"menu_order":0,"comment_status":"closed","ping_status":"closed","template":"","meta":[],"_links":{"self":[{"href":"http:\/\/adam-und-schaefer.de\/index.php?rest_route=\/wp\/v2\/pages\/1484"}],"collection":[{"href":"http:\/\/adam-und-schaefer.de\/index.php?rest_route=\/wp\/v2\/pages"}],"about":[{"href":"http:\/\/adam-und-schaefer.de\/index.php?rest_route=\/wp\/v2\/types\/page"}],"author":[{"embeddable":true,"href":"http:\/\/adam-und-schaefer.de\/index.php?rest_route=\/wp\/v2\/users\/1"}],"replies":[{"embeddable":true,"href":"http:\/\/adam-und-schaefer.de\/index.php?rest_route=%2Fwp%2Fv2%2Fcomments&post=1484"}],"version-history":[{"count":16,"href":"http:\/\/adam-und-schaefer.de\/index.php?rest_route=\/wp\/v2\/pages\/1484\/revisions"}],"predecessor-version":[{"id":1625,"href":"http:\/\/adam-und-schaefer.de\/index.php?rest_route=\/wp\/v2\/pages\/1484\/revisions\/1625"}],"wp:attachment":[{"href":"http:\/\/adam-und-schaefer.de\/index.php?rest_route=%2Fwp%2Fv2%2Fmedia&parent=1484"}],"curies":[{"name":"wp","href":"https:\/\/api.w.org\/{rel}","templated":true}]}}