{"id":1480,"date":"2020-05-06T08:58:25","date_gmt":"2020-05-06T08:58:25","guid":{"rendered":"http:\/\/adam-und-schaefer.de\/?page_id=1480"},"modified":"2020-06-06T04:39:03","modified_gmt":"2020-06-06T04:39:03","slug":"leistungen","status":"publish","type":"page","link":"http:\/\/adam-und-schaefer.de\/?page_id=1480","title":{"rendered":"Leistungen"},"content":{"rendered":"\n<h1>T\u00e4tigkeitsschwerpunkte<\/h1>\n\n\n\n<ol><li>Beratung:<ul><li>Neutrale Auswahl von Messsystemen und Anlagenkomponenten<\/li><\/ul><\/li><li>Planung<ul><li>Mess- und Probenahmetechnik f\u00fcr die Abwasser- und Wasseraufbereitung sowie der Gew\u00e4sser\u00fcberwachung<\/li><li>Dosieranlagen f\u00fcr die bedarfsabh\u00e4ngig geregelte Zugabe von Additiven<\/li><li>Anlagen f\u00fcr die Erfassung von Wasserg\u00fcteparametern inklusive Probenahme, Probenaufbereitung und Konservierung<\/li><\/ul><\/li><li>Bau<ul><li>Anlagen f\u00fcr die Abwasserreinigung und Wasseraufbereitung<\/li><li>Messtechnische Ausr\u00fcstung<\/li><li>Dosieranlagen<\/li><li>Wasserg\u00fctemessstationen inklusive Probenahme, Probenaufbereitung und Konservierung <\/li><li>Ortsfeste oder mobile Messtechnik zur sofortigen Erkennung \/ Meldung von Verunreinigungen in Badegew\u00e4ssern.<\/li><\/ul><\/li><li>Dienstleistung<ul><li>Befahrung\u00a0 von\u00a0 Oberfl\u00e4chengew\u00e4ssern mit einem Messboot\u00a0 zur Ermittlung von Wasserg\u00fcteparametern. Auffindung bekannter und unbekannter Einleitungen.<\/li><li>Wartung und Reparatur von Messsystemen und messtechnischen Ausr\u00fcstungen<\/li><li>Wartung und Reparatur von Probenahmeger\u00e4ten (z.B. Edmund B\u00fchler, WaterSam etc.)<\/li><li>Wartung und Reparatur von Dosieranlagen und Dosierpumpen<\/li><\/ul><\/li><li>Handel<ul><li>Messger\u00e4te f\u00fcr den Industrie- und Labor (Wasser\/Abwasser)<\/li><li>Probenahmesysteme (Wasser\/Abwasser)<\/li><li>Pumpen \/ Dosierpumpen<\/li><li>Ersatz- und Verschlei\u00dfteile f\u00fcr Messsysteme, Dosierpumpen, Probenaufbereitungsanlagen und Probenahmeger\u00e4ten.<\/li><\/ul><\/li><\/ol>\n\n\n\n<p><\/p>\n","protected":false},"excerpt":{"rendered":"<p>T\u00e4tigkeitsschwerpunkte Beratung: Neutrale Auswahl von Messsystemen und Anlagenkomponenten Planung Mess- und Probenahmetechnik f\u00fcr die Abwasser- und Wasseraufbereitung sowie der Gew\u00e4sser\u00fcberwachung Dosieranlagen f\u00fcr die bedarfsabh\u00e4ngig geregelte Zugabe von Additiven Anlagen f\u00fcr die Erfassung von Wasserg\u00fcteparametern inklusive Probenahme, Probenaufbereitung und Konservierung Bau Anlagen f\u00fcr die Abwasserreinigung und Wasseraufbereitung Messtechnische Ausr\u00fcstung Dosieranlagen Wasserg\u00fctemessstationen inklusive Probenahme, Probenaufbereitung und Konservierung &hellip;<\/p>\n<p class=\"read-more\"> <a class=\"\" href=\"http:\/\/adam-und-schaefer.de\/?page_id=1480\"> <span class=\"screen-reader-text\">Leistungen<\/span>Read More &raquo;<\/a><\/p>\n","protected":false},"author":1,"featured_media":0,"parent":0,"menu_order":0,"comment_status":"closed","ping_status":"closed","template":"","meta":[],"_links":{"self":[{"href":"http:\/\/adam-und-schaefer.de\/index.php?rest_route=\/wp\/v2\/pages\/1480"}],"collection":[{"href":"http:\/\/adam-und-schaefer.de\/index.php?rest_route=\/wp\/v2\/pages"}],"about":[{"href":"http:\/\/adam-und-schaefer.de\/index.php?rest_route=\/wp\/v2\/types\/page"}],"author":[{"embeddable":true,"href":"http:\/\/adam-und-schaefer.de\/index.php?rest_route=\/wp\/v2\/users\/1"}],"replies":[{"embeddable":true,"href":"http:\/\/adam-und-schaefer.de\/index.php?rest_route=%2Fwp%2Fv2%2Fcomments&post=1480"}],"version-history":[{"count":18,"href":"http:\/\/adam-und-schaefer.de\/index.php?rest_route=\/wp\/v2\/pages\/1480\/revisions"}],"predecessor-version":[{"id":1607,"href":"http:\/\/adam-und-schaefer.de\/index.php?rest_route=\/wp\/v2\/pages\/1480\/revisions\/1607"}],"wp:attachment":[{"href":"http:\/\/adam-und-schaefer.de\/index.php?rest_route=%2Fwp%2Fv2%2Fmedia&parent=1480"}],"curies":[{"name":"wp","href":"https:\/\/api.w.org\/{rel}","templated":true}]}}