{"id":1473,"date":"2020-05-06T08:52:02","date_gmt":"2020-05-06T08:52:02","guid":{"rendered":"http:\/\/adam-und-schaefer.de\/?page_id=1473"},"modified":"2020-06-06T04:46:50","modified_gmt":"2020-06-06T04:46:50","slug":"ueber-uns","status":"publish","type":"page","link":"http:\/\/adam-und-schaefer.de\/?page_id=1473","title":{"rendered":"\u00dcber uns"},"content":{"rendered":"\n<div class=\"wp-block-media-text alignwide is-stacked-on-mobile\"><figure class=\"wp-block-media-text__media\"><img decoding=\"async\" loading=\"lazy\" width=\"900\" height=\"675\" src=\"http:\/\/adam-und-schaefer.de\/wp-content\/uploads\/2020\/05\/001-web.jpg\" alt=\"Messstation: Ammoniummessung mit automatischer Probenaufbereitung\" class=\"wp-image-1555\" srcset=\"http:\/\/adam-und-schaefer.de\/wp-content\/uploads\/2020\/05\/001-web.jpg 900w, http:\/\/adam-und-schaefer.de\/wp-content\/uploads\/2020\/05\/001-web-300x225.jpg 300w, http:\/\/adam-und-schaefer.de\/wp-content\/uploads\/2020\/05\/001-web-768x576.jpg 768w\" sizes=\"(max-width: 900px) 100vw, 900px\" \/><\/figure><div class=\"wp-block-media-text__content\">\n<p>Die Firma Adam+Sch\u00e4fer bietet seit 1984 Leistungen f\u00fcr den Bereich der Abwasserreinigung, Wasseraufbereitung und der Gew\u00e4sserg\u00fcte-\u00fcberwachung an. Aufgrund der \u00fcber f\u00fcnfunddreizigj\u00e4hrigen T\u00e4tigkeit wurden in der Messtechnik, Probenahme, Probenaufbereitung, Pumpen- und Dosiertechnik umfassende Erfahrungen erworben.&nbsp;<\/p>\n\n\n\n<p>F\u00fcr die Grundausstattung und Optimierung von Anlagen verwenden wir Komponenten und Systeme unterschiedlicher Hersteller und entwickeln anlagenspezifischen Konzepte und L\u00f6sungen.&nbsp;<\/p>\n\n\n\n<p>Zur Erhaltung der Betriebssicherheit vorhandener Anlagenaus-r\u00fcstungen f\u00fchren wir die Wartung und Reparatur der Mess-, Probenahme-, Pumpen- und Dosiertechnik durch. Diese Leistung bieten wir unabh\u00e4ngig vom Systemhersteller an.<\/p>\n\n\n\n<p>Lieferung von Verbrauchmaterialien, Ersatz- und Verschlei\u00dfteile unterschiedlicher Hersteller.&nbsp;<\/p>\n<\/div><\/div>\n\n\n\n<div style=\"height:20px\" aria-hidden=\"true\" class=\"wp-block-spacer\"><\/div>\n\n\n\n<div class=\"is-layout-flex wp-container-4 wp-block-columns\">\n<div class=\"is-layout-flow wp-block-column\" style=\"flex-basis:66.66%\">\n<p>Messstation: Ammoniummessung mit automatischer Probenaufbereitung<\/p>\n<\/div>\n\n\n\n<div class=\"is-layout-flow wp-block-column\" style=\"flex-basis:33.33%\">\n<div class=\"is-layout-flex wp-block-buttons\">\n<div class=\"wp-block-button\"><a class=\"wp-block-button__link\" href=\"http:\/\/adam-und-schaefer.de\/?page_id=1480\">zu unseren Leistungen<\/a><\/div>\n<\/div>\n<\/div>\n<\/div>\n","protected":false},"excerpt":{"rendered":"<p>Die Firma Adam+Sch\u00e4fer bietet seit 1984 Leistungen f\u00fcr den Bereich der Abwasserreinigung, Wasseraufbereitung und der Gew\u00e4sserg\u00fcte-\u00fcberwachung an. Aufgrund der \u00fcber f\u00fcnfunddreizigj\u00e4hrigen T\u00e4tigkeit wurden in der Messtechnik, Probenahme, Probenaufbereitung, Pumpen- und Dosiertechnik umfassende Erfahrungen erworben.&nbsp; F\u00fcr die Grundausstattung und Optimierung von Anlagen verwenden wir Komponenten und Systeme unterschiedlicher Hersteller und entwickeln anlagenspezifischen Konzepte und L\u00f6sungen.&nbsp; Zur &hellip;<\/p>\n<p class=\"read-more\"> <a class=\"\" href=\"http:\/\/adam-und-schaefer.de\/?page_id=1473\"> <span class=\"screen-reader-text\">\u00dcber uns<\/span>Read More &raquo;<\/a><\/p>\n","protected":false},"author":1,"featured_media":0,"parent":0,"menu_order":0,"comment_status":"closed","ping_status":"closed","template":"","meta":[],"_links":{"self":[{"href":"http:\/\/adam-und-schaefer.de\/index.php?rest_route=\/wp\/v2\/pages\/1473"}],"collection":[{"href":"http:\/\/adam-und-schaefer.de\/index.php?rest_route=\/wp\/v2\/pages"}],"about":[{"href":"http:\/\/adam-und-schaefer.de\/index.php?rest_route=\/wp\/v2\/types\/page"}],"author":[{"embeddable":true,"href":"http:\/\/adam-und-schaefer.de\/index.php?rest_route=\/wp\/v2\/users\/1"}],"replies":[{"embeddable":true,"href":"http:\/\/adam-und-schaefer.de\/index.php?rest_route=%2Fwp%2Fv2%2Fcomments&post=1473"}],"version-history":[{"count":19,"href":"http:\/\/adam-und-schaefer.de\/index.php?rest_route=\/wp\/v2\/pages\/1473\/revisions"}],"predecessor-version":[{"id":1609,"href":"http:\/\/adam-und-schaefer.de\/index.php?rest_route=\/wp\/v2\/pages\/1473\/revisions\/1609"}],"wp:attachment":[{"href":"http:\/\/adam-und-schaefer.de\/index.php?rest_route=%2Fwp%2Fv2%2Fmedia&parent=1473"}],"curies":[{"name":"wp","href":"https:\/\/api.w.org\/{rel}","templated":true}]}}